{"id":485,"date":"2023-01-27T03:06:23","date_gmt":"2023-01-27T03:06:23","guid":{"rendered":"https:\/\/genconstruction.ca\/demander-un-devis\/"},"modified":"2023-02-15T01:49:08","modified_gmt":"2023-02-15T01:49:08","slug":"demander-un-devis","status":"publish","type":"page","link":"https:\/\/genconstruction.ca\/fr\/demander-un-devis\/","title":{"rendered":"Demander un devis"},"content":{"rendered":"\t\t<div data-elementor-type=\"wp-page\" data-elementor-id=\"485\" class=\"elementor elementor-485 elementor-233\" data-elementor-post-type=\"page\">\n\t\t\t\t\t\t<section class=\"elementor-section elementor-top-section elementor-element elementor-element-21654fd elementor-section-full_width elementor-section-height-default elementor-section-height-default exad-glass-effect-no jltma-glass-effect-no exad-sticky-section-no\" data-id=\"21654fd\" data-element_type=\"section\" data-e-type=\"section\" data-settings=\"{&quot;background_background&quot;:&quot;classic&quot;}\">\n\t\t\t\t\t\t\t<div class=\"elementor-background-overlay\"><\/div>\n\t\t\t\t\t\t\t<div class=\"elementor-container elementor-column-gap-default\">\n\t\t\t\t\t<div class=\"elementor-column elementor-col-100 elementor-top-column elementor-element elementor-element-4325996 exad-glass-effect-no jltma-glass-effect-no exad-sticky-section-no\" data-id=\"4325996\" data-element_type=\"column\" data-e-type=\"column\">\n\t\t\t<div class=\"elementor-widget-wrap elementor-element-populated\">\n\t\t\t\t\t\t<div class=\"elementor-element elementor-element-62d5539 jltma-glass-effect-no exad-sticky-section-no exad-glass-effect-no elementor-widget elementor-widget-heading\" data-id=\"62d5539\" data-element_type=\"widget\" data-e-type=\"widget\" data-widget_type=\"heading.default\">\n\t\t\t\t<div class=\"elementor-widget-container\">\n\t\t\t\t\t<h2 class=\"elementor-heading-title elementor-size-default\">Demander un devis<\/h2>\t\t\t\t<\/div>\n\t\t\t\t<\/div>\n\t\t\t\t\t<\/div>\n\t\t<\/div>\n\t\t\t\t\t<\/div>\n\t\t<\/section>\n\t\t\t\t<section class=\"elementor-section elementor-top-section elementor-element elementor-element-fb01da7 elementor-section-boxed elementor-section-height-default elementor-section-height-default exad-glass-effect-no jltma-glass-effect-no exad-sticky-section-no\" data-id=\"fb01da7\" data-element_type=\"section\" data-e-type=\"section\">\n\t\t\t\t\t\t<div class=\"elementor-container elementor-column-gap-default\">\n\t\t\t\t\t<div class=\"elementor-column elementor-col-50 elementor-top-column elementor-element elementor-element-ce5fd4b exad-glass-effect-no jltma-glass-effect-no exad-sticky-section-no\" data-id=\"ce5fd4b\" data-element_type=\"column\" data-e-type=\"column\">\n\t\t\t<div class=\"elementor-widget-wrap elementor-element-populated\">\n\t\t\t\t\t\t<div class=\"elementor-element elementor-element-2e9bff5 jltma-glass-effect-no exad-sticky-section-no exad-glass-effect-no elementor-widget elementor-widget-text-editor\" data-id=\"2e9bff5\" data-element_type=\"widget\" data-e-type=\"widget\" data-widget_type=\"text-editor.default\">\n\t\t\t\t<div class=\"elementor-widget-container\">\n\t\t\t\t\t\t\t\t\t<p>Veuillez nous envoyer une description d\u00e9taill\u00e9e de vos besoins en mati\u00e8re de r\u00e9novation ou de construction et nous vous contacterons rapidement pour v\u00e9rifier les d\u00e9tails et vous fournir un devis.<\/p>\n\t\t\t\t\t\t\t\t<\/div>\n\t\t\t\t<\/div>\n\t\t\t\t\t<\/div>\n\t\t<\/div>\n\t\t\t\t<div class=\"elementor-column elementor-col-50 elementor-top-column elementor-element elementor-element-6466873 exad-glass-effect-no jltma-glass-effect-no exad-sticky-section-no\" data-id=\"6466873\" data-element_type=\"column\" data-e-type=\"column\">\n\t\t\t<div class=\"elementor-widget-wrap elementor-element-populated\">\n\t\t\t\t\t\t<div class=\"elementor-element elementor-element-7f84e3f elementor-button-align-stretch jltma-glass-effect-no exad-sticky-section-no exad-glass-effect-no elementor-widget elementor-widget-form\" data-id=\"7f84e3f\" data-element_type=\"widget\" data-e-type=\"widget\" data-settings=\"{&quot;button_width&quot;:&quot;33&quot;,&quot;step_next_label&quot;:&quot;Suivant&quot;,&quot;step_previous_label&quot;:&quot;Pr\\u00e9c\\u00e9dent&quot;,&quot;step_type&quot;:&quot;number_text&quot;,&quot;step_icon_shape&quot;:&quot;circle&quot;}\" data-widget_type=\"form.default\">\n\t\t\t\t<div class=\"elementor-widget-container\">\n\t\t\t\t\t\t\t<form class=\"elementor-form\" method=\"post\" name=\"Nouveau formulaire\" aria-label=\"Nouveau formulaire\">\n\t\t\t<input type=\"hidden\" name=\"post_id\" value=\"485\"\/>\n\t\t\t<input type=\"hidden\" name=\"form_id\" value=\"7f84e3f\"\/>\n\t\t\t<input type=\"hidden\" name=\"referer_title\" value=\"Demander un devis - GEN CONSTRUCTION\" \/>\n\n\t\t\t\t\t\t\t<input type=\"hidden\" name=\"queried_id\" value=\"485\"\/>\n\t\t\t\n\t\t\t<div class=\"elementor-form-fields-wrapper elementor-labels-above\">\n\t\t\t\t\t\t\t\t<div class=\"elementor-field-type-text elementor-field-group elementor-column elementor-field-group-name elementor-col-100\">\n\t\t\t\t\t\t\t\t\t\t\t\t<label for=\"form-field-name\" class=\"elementor-field-label\">\n\t\t\t\t\t\t\t\tNom\t\t\t\t\t\t\t<\/label>\n\t\t\t\t\t\t\t\t\t\t\t\t\t\t<input size=\"1\" type=\"text\" name=\"form_fields[name]\" id=\"form-field-name\" class=\"elementor-field elementor-size-sm  elementor-field-textual\" placeholder=\"Nom\">\n\t\t\t\t\t\t\t\t\t\t\t<\/div>\n\t\t\t\t\t\t\t\t<div class=\"elementor-field-type-tel elementor-field-group elementor-column elementor-field-group-field_641343d elementor-col-100\">\n\t\t\t\t\t\t\t\t\t\t\t\t<label for=\"form-field-field_641343d\" class=\"elementor-field-label\">\n\t\t\t\t\t\t\t\tT\u00e9l\u00e9phone\t\t\t\t\t\t\t<\/label>\n\t\t\t\t\t\t\t\t<input size=\"1\" type=\"tel\" name=\"form_fields[field_641343d]\" id=\"form-field-field_641343d\" class=\"elementor-field elementor-size-sm  elementor-field-textual\" placeholder=\"Num\u00e9ro de t\u00e9l\u00e9phone\" pattern=\"[0-9()#&amp;+*-=.]+\" title=\"Seuls les caract\u00e8res de num\u00e9ros de t\u00e9l\u00e9phone (#, -, *, etc.) sont accept\u00e9s.\">\n\n\t\t\t\t\t\t<\/div>\n\t\t\t\t\t\t\t\t<div class=\"elementor-field-type-email elementor-field-group elementor-column elementor-field-group-email elementor-col-100 elementor-field-required\">\n\t\t\t\t\t\t\t\t\t\t\t\t<label for=\"form-field-email\" class=\"elementor-field-label\">\n\t\t\t\t\t\t\t\tCourriel :\t\t\t\t\t\t\t<\/label>\n\t\t\t\t\t\t\t\t\t\t\t\t\t\t<input size=\"1\" type=\"email\" name=\"form_fields[email]\" id=\"form-field-email\" class=\"elementor-field elementor-size-sm  elementor-field-textual\" placeholder=\"Courriel :\" required=\"required\">\n\t\t\t\t\t\t\t\t\t\t\t<\/div>\n\t\t\t\t\t\t\t\t<div class=\"elementor-field-type-textarea elementor-field-group elementor-column elementor-field-group-message elementor-col-100\">\n\t\t\t\t\t\t\t\t\t\t\t\t<label for=\"form-field-message\" class=\"elementor-field-label\">\n\t\t\t\t\t\t\t\tMessage\t\t\t\t\t\t\t<\/label>\n\t\t\t\t\t\t<textarea class=\"elementor-field-textual elementor-field  elementor-size-sm\" name=\"form_fields[message]\" id=\"form-field-message\" rows=\"4\" placeholder=\"Message\"><\/textarea>\t\t\t\t<\/div>\n\t\t\t\t\t\t\t\t<div class=\"elementor-field-group elementor-column elementor-field-type-submit elementor-col-33 e-form__buttons\">\n\t\t\t\t\t<button class=\"elementor-button elementor-size-sm\" type=\"submit\">\n\t\t\t\t\t\t<span class=\"elementor-button-content-wrapper\">\n\t\t\t\t\t\t\t\t\t\t\t\t\t\t\t\t\t\t\t\t\t\t<span class=\"elementor-button-text\">Envoyer<\/span>\n\t\t\t\t\t\t\t\t\t\t\t\t\t<\/span>\n\t\t\t\t\t<\/button>\n\t\t\t\t<\/div>\n\t\t\t<\/div>\n\t\t<\/form>\n\t\t\t\t\t\t<\/div>\n\t\t\t\t<\/div>\n\t\t\t\t\t<\/div>\n\t\t<\/div>\n\t\t\t\t\t<\/div>\n\t\t<\/section>\n\t\t\t\t<\/div>\n\t\t","protected":false},"excerpt":{"rendered":"<p>Demander un devis Veuillez nous envoyer une description d\u00e9taill\u00e9e de vos besoins en mati\u00e8re de r\u00e9novation ou de construction et nous vous contacterons rapidement pour v\u00e9rifier les d\u00e9tails et vous fournir un devis.<\/p>\n","protected":false},"author":2,"featured_media":0,"parent":0,"menu_order":0,"comment_status":"closed","ping_status":"closed","template":"elementor_header_footer","meta":{"nf_dc_page":"","footnotes":""},"class_list":["post-485","page","type-page","status-publish","hentry"],"yoast_head":"<!-- This site is optimized with the Yoast SEO plugin v27.4 - https:\/\/yoast.com\/product\/yoast-seo-wordpress\/ -->\n<title>Demander un devis - GEN CONSTRUCTION<\/title>\n<meta name=\"robots\" content=\"index, follow, max-snippet:-1, max-image-preview:large, max-video-preview:-1\" \/>\n<link rel=\"canonical\" href=\"https:\/\/genconstruction.ca\/fr\/demander-un-devis\/\" \/>\n<meta property=\"og:locale\" content=\"fr_FR\" \/>\n<meta property=\"og:type\" content=\"article\" \/>\n<meta property=\"og:title\" content=\"Demander un devis - GEN CONSTRUCTION\" \/>\n<meta property=\"og:description\" content=\"Demander un devis Veuillez nous envoyer une description d\u00e9taill\u00e9e de vos besoins en mati\u00e8re de r\u00e9novation ou de construction et nous vous contacterons rapidement pour v\u00e9rifier les d\u00e9tails et vous fournir un devis.\" \/>\n<meta property=\"og:url\" content=\"https:\/\/genconstruction.ca\/fr\/demander-un-devis\/\" \/>\n<meta property=\"og:site_name\" content=\"GEN CONSTRUCTION\" \/>\n<meta property=\"article:modified_time\" content=\"2023-02-15T01:49:08+00:00\" \/>\n<meta name=\"twitter:card\" content=\"summary_large_image\" \/>\n<script type=\"application\/ld+json\" class=\"yoast-schema-graph\">{\"@context\":\"https:\\\/\\\/schema.org\",\"@graph\":[{\"@type\":\"WebPage\",\"@id\":\"https:\\\/\\\/genconstruction.ca\\\/fr\\\/demander-un-devis\\\/\",\"url\":\"https:\\\/\\\/genconstruction.ca\\\/fr\\\/demander-un-devis\\\/\",\"name\":\"Demander un devis - GEN CONSTRUCTION\",\"isPartOf\":{\"@id\":\"http:\\\/\\\/box2509.temp.domains\\\/~padgfamy\\\/genconstruction\\\/#website\"},\"datePublished\":\"2023-01-27T03:06:23+00:00\",\"dateModified\":\"2023-02-15T01:49:08+00:00\",\"breadcrumb\":{\"@id\":\"https:\\\/\\\/genconstruction.ca\\\/fr\\\/demander-un-devis\\\/#breadcrumb\"},\"inLanguage\":\"fr-FR\",\"potentialAction\":[{\"@type\":\"ReadAction\",\"target\":[\"https:\\\/\\\/genconstruction.ca\\\/fr\\\/demander-un-devis\\\/\"]}]},{\"@type\":\"BreadcrumbList\",\"@id\":\"https:\\\/\\\/genconstruction.ca\\\/fr\\\/demander-un-devis\\\/#breadcrumb\",\"itemListElement\":[{\"@type\":\"ListItem\",\"position\":1,\"name\":\"Home\",\"item\":\"https:\\\/\\\/genconstruction.ca\\\/fr\\\/\"},{\"@type\":\"ListItem\",\"position\":2,\"name\":\"Demander un devis\"}]},{\"@type\":\"WebSite\",\"@id\":\"http:\\\/\\\/box2509.temp.domains\\\/~padgfamy\\\/genconstruction\\\/#website\",\"url\":\"http:\\\/\\\/box2509.temp.domains\\\/~padgfamy\\\/genconstruction\\\/\",\"name\":\"GEN CONSTRUCTION\",\"description\":\"\",\"publisher\":{\"@id\":\"http:\\\/\\\/box2509.temp.domains\\\/~padgfamy\\\/genconstruction\\\/#organization\"},\"potentialAction\":[{\"@type\":\"SearchAction\",\"target\":{\"@type\":\"EntryPoint\",\"urlTemplate\":\"http:\\\/\\\/box2509.temp.domains\\\/~padgfamy\\\/genconstruction\\\/?s={search_term_string}\"},\"query-input\":{\"@type\":\"PropertyValueSpecification\",\"valueRequired\":true,\"valueName\":\"search_term_string\"}}],\"inLanguage\":\"fr-FR\"},{\"@type\":\"Organization\",\"@id\":\"http:\\\/\\\/box2509.temp.domains\\\/~padgfamy\\\/genconstruction\\\/#organization\",\"name\":\"GEN CONSTRUCTION\",\"url\":\"http:\\\/\\\/box2509.temp.domains\\\/~padgfamy\\\/genconstruction\\\/\",\"logo\":{\"@type\":\"ImageObject\",\"inLanguage\":\"fr-FR\",\"@id\":\"http:\\\/\\\/box2509.temp.domains\\\/~padgfamy\\\/genconstruction\\\/#\\\/schema\\\/logo\\\/image\\\/\",\"url\":\"https:\\\/\\\/i0.wp.com\\\/genconstruction.ca\\\/wp-content\\\/uploads\\\/2023\\\/01\\\/GEN-CONSTRUCTION-logo-06.png?fit=1989%2C909&ssl=1\",\"contentUrl\":\"https:\\\/\\\/i0.wp.com\\\/genconstruction.ca\\\/wp-content\\\/uploads\\\/2023\\\/01\\\/GEN-CONSTRUCTION-logo-06.png?fit=1989%2C909&ssl=1\",\"width\":1989,\"height\":909,\"caption\":\"GEN CONSTRUCTION\"},\"image\":{\"@id\":\"http:\\\/\\\/box2509.temp.domains\\\/~padgfamy\\\/genconstruction\\\/#\\\/schema\\\/logo\\\/image\\\/\"}}]}<\/script>\n<!-- \/ Yoast SEO plugin. -->","yoast_head_json":{"title":"Demander un devis - GEN CONSTRUCTION","robots":{"index":"index","follow":"follow","max-snippet":"max-snippet:-1","max-image-preview":"max-image-preview:large","max-video-preview":"max-video-preview:-1"},"canonical":"https:\/\/genconstruction.ca\/fr\/demander-un-devis\/","og_locale":"fr_FR","og_type":"article","og_title":"Demander un devis - GEN CONSTRUCTION","og_description":"Demander un devis Veuillez nous envoyer une description d\u00e9taill\u00e9e de vos besoins en mati\u00e8re de r\u00e9novation ou de construction et nous vous contacterons rapidement pour v\u00e9rifier les d\u00e9tails et vous fournir un devis.","og_url":"https:\/\/genconstruction.ca\/fr\/demander-un-devis\/","og_site_name":"GEN CONSTRUCTION","article_modified_time":"2023-02-15T01:49:08+00:00","twitter_card":"summary_large_image","schema":{"@context":"https:\/\/schema.org","@graph":[{"@type":"WebPage","@id":"https:\/\/genconstruction.ca\/fr\/demander-un-devis\/","url":"https:\/\/genconstruction.ca\/fr\/demander-un-devis\/","name":"Demander un devis - GEN CONSTRUCTION","isPartOf":{"@id":"http:\/\/box2509.temp.domains\/~padgfamy\/genconstruction\/#website"},"datePublished":"2023-01-27T03:06:23+00:00","dateModified":"2023-02-15T01:49:08+00:00","breadcrumb":{"@id":"https:\/\/genconstruction.ca\/fr\/demander-un-devis\/#breadcrumb"},"inLanguage":"fr-FR","potentialAction":[{"@type":"ReadAction","target":["https:\/\/genconstruction.ca\/fr\/demander-un-devis\/"]}]},{"@type":"BreadcrumbList","@id":"https:\/\/genconstruction.ca\/fr\/demander-un-devis\/#breadcrumb","itemListElement":[{"@type":"ListItem","position":1,"name":"Home","item":"https:\/\/genconstruction.ca\/fr\/"},{"@type":"ListItem","position":2,"name":"Demander un devis"}]},{"@type":"WebSite","@id":"http:\/\/box2509.temp.domains\/~padgfamy\/genconstruction\/#website","url":"http:\/\/box2509.temp.domains\/~padgfamy\/genconstruction\/","name":"GEN CONSTRUCTION","description":"","publisher":{"@id":"http:\/\/box2509.temp.domains\/~padgfamy\/genconstruction\/#organization"},"potentialAction":[{"@type":"SearchAction","target":{"@type":"EntryPoint","urlTemplate":"http:\/\/box2509.temp.domains\/~padgfamy\/genconstruction\/?s={search_term_string}"},"query-input":{"@type":"PropertyValueSpecification","valueRequired":true,"valueName":"search_term_string"}}],"inLanguage":"fr-FR"},{"@type":"Organization","@id":"http:\/\/box2509.temp.domains\/~padgfamy\/genconstruction\/#organization","name":"GEN CONSTRUCTION","url":"http:\/\/box2509.temp.domains\/~padgfamy\/genconstruction\/","logo":{"@type":"ImageObject","inLanguage":"fr-FR","@id":"http:\/\/box2509.temp.domains\/~padgfamy\/genconstruction\/#\/schema\/logo\/image\/","url":"https:\/\/i0.wp.com\/genconstruction.ca\/wp-content\/uploads\/2023\/01\/GEN-CONSTRUCTION-logo-06.png?fit=1989%2C909&ssl=1","contentUrl":"https:\/\/i0.wp.com\/genconstruction.ca\/wp-content\/uploads\/2023\/01\/GEN-CONSTRUCTION-logo-06.png?fit=1989%2C909&ssl=1","width":1989,"height":909,"caption":"GEN CONSTRUCTION"},"image":{"@id":"http:\/\/box2509.temp.domains\/~padgfamy\/genconstruction\/#\/schema\/logo\/image\/"}}]}},"jetpack_sharing_enabled":true,"_links":{"self":[{"href":"https:\/\/genconstruction.ca\/fr\/wp-json\/wp\/v2\/pages\/485","targetHints":{"allow":["GET"]}}],"collection":[{"href":"https:\/\/genconstruction.ca\/fr\/wp-json\/wp\/v2\/pages"}],"about":[{"href":"https:\/\/genconstruction.ca\/fr\/wp-json\/wp\/v2\/types\/page"}],"author":[{"embeddable":true,"href":"https:\/\/genconstruction.ca\/fr\/wp-json\/wp\/v2\/users\/2"}],"replies":[{"embeddable":true,"href":"https:\/\/genconstruction.ca\/fr\/wp-json\/wp\/v2\/comments?post=485"}],"version-history":[{"count":2,"href":"https:\/\/genconstruction.ca\/fr\/wp-json\/wp\/v2\/pages\/485\/revisions"}],"predecessor-version":[{"id":595,"href":"https:\/\/genconstruction.ca\/fr\/wp-json\/wp\/v2\/pages\/485\/revisions\/595"}],"wp:attachment":[{"href":"https:\/\/genconstruction.ca\/fr\/wp-json\/wp\/v2\/media?parent=485"}],"curies":[{"name":"wp","href":"https:\/\/api.w.org\/{rel}","templated":true}]}}